{"id":82,"date":"2016-07-22T12:40:49","date_gmt":"2016-07-22T10:40:49","guid":{"rendered":"http:\/\/tsg-buerstadt.de\/es\/?page_id=82"},"modified":"2016-07-22T12:42:02","modified_gmt":"2016-07-22T10:42:02","slug":"historia","status":"publish","type":"page","link":"https:\/\/tsg-buerstadt.de\/es\/historia\/","title":{"rendered":"Historia"},"content":{"rendered":"<p>La TSG (\u201cTurn- und Schwimmgemeinde\u201d; comunidad para hacer gimnasia y nadar) fue fundido el 3 mayo 1955 por August Held. Muy pronto, Held tuvo la idea de poner en contacto los j\u00f3venes de todo el mundo por medio de la gimnasia. Por eso, viajaba a otros pa\u00edses con su grupo. Sin embargo, las heridas de la segunda guerra mundial ya no eran curadas y el grupo era confrontado no solo con aplauso sino tambi\u00e9n cosechaba burlas.<br \/>\nNo obstante, August Held no se daba por vencido.<br \/>\nEn 1957, la idea de Held se realiz\u00f3 por la primera vez. El primero encuentro internacional de gimnasia ten\u00eda lugar en el Beethovenplatz B\u00fcrstadt. A partir de enctonces, este festival de la juventud ten\u00eda lugar todos los tres a\u00f1os y ganaba mucho inter\u00e9s.<br \/>\nEn los a\u00f1os 1968 \u2013 1974 los miembros de la TSG B\u00fcrstadt construyaban el gimnasio que hoy sirve como patria para el festival de la Gymnastica y muchas otras ocaciones.<\/p>\n<p>traducci\u00f3n por Johanna<\/p>\n","protected":false},"excerpt":{"rendered":"<p>La TSG (\u201cTurn- und Schwimmgemeinde\u201d; comunidad para hacer gimnasia y nadar) fue fundido el 3 mayo 1955 por August Held. Muy pronto, Held tuvo la idea de poner en contacto los j\u00f3venes de todo el mundo por medio de la gimnasia. Por eso, viajaba a otros pa\u00edses con su grupo. Sin embargo, las heridas de &#8230; <a class=\"read-more\" href=\"https:\/\/tsg-buerstadt.de\/es\/historia\/\">Read more&#8230;<\/a><\/p>\n","protected":false},"author":1,"featured_media":0,"parent":0,"menu_order":0,"comment_status":"closed","ping_status":"closed","template":"","meta":{"ngg_post_thumbnail":0,"jetpack_post_was_ever_published":false,"footnotes":""},"class_list":["post-82","page","type-page","status-publish"],"yoast_head":"<!-- This site is optimized with the Yoast SEO plugin v27.0 - https:\/\/yoast.com\/product\/yoast-seo-wordpress\/ -->\n<title>Historia - TSG B\u00fcrstadt<\/title>\n<meta name=\"robots\" content=\"index, follow, max-snippet:-1, max-image-preview:large, max-video-preview:-1\" \/>\n<link rel=\"canonical\" href=\"https:\/\/tsg-buerstadt.de\/es\/historia\/\" \/>\n<meta property=\"og:locale\" content=\"es_ES\" \/>\n<meta property=\"og:type\" content=\"article\" \/>\n<meta property=\"og:title\" content=\"Historia - TSG B\u00fcrstadt\" \/>\n<meta property=\"og:description\" content=\"La TSG (\u201cTurn- und Schwimmgemeinde\u201d; comunidad para hacer gimnasia y nadar) fue fundido el 3 mayo 1955 por August Held. Muy pronto, Held tuvo la idea de poner en contacto los j\u00f3venes de todo el mundo por medio de la gimnasia. Por eso, viajaba a otros pa\u00edses con su grupo. Sin embargo, las heridas de ... Read more...\" \/>\n<meta property=\"og:url\" content=\"https:\/\/tsg-buerstadt.de\/es\/historia\/\" \/>\n<meta property=\"og:site_name\" content=\"TSG B\u00fcrstadt\" \/>\n<meta property=\"article:modified_time\" content=\"2016-07-22T10:42:02+00:00\" \/>\n<meta name=\"twitter:card\" content=\"summary_large_image\" \/>\n<meta name=\"twitter:label1\" content=\"Tiempo de lectura\" \/>\n\t<meta name=\"twitter:data1\" content=\"1 minuto\" \/>\n<script type=\"application\/ld+json\" class=\"yoast-schema-graph\">{\"@context\":\"https:\/\/schema.org\",\"@graph\":[{\"@type\":\"WebPage\",\"@id\":\"https:\/\/tsg-buerstadt.de\/es\/historia\/\",\"url\":\"https:\/\/tsg-buerstadt.de\/es\/historia\/\",\"name\":\"Historia - TSG B\u00fcrstadt\",\"isPartOf\":{\"@id\":\"https:\/\/tsg-buerstadt.de\/es\/#website\"},\"datePublished\":\"2016-07-22T10:40:49+00:00\",\"dateModified\":\"2016-07-22T10:42:02+00:00\",\"breadcrumb\":{\"@id\":\"https:\/\/tsg-buerstadt.de\/es\/historia\/#breadcrumb\"},\"inLanguage\":\"es\",\"potentialAction\":[{\"@type\":\"ReadAction\",\"target\":[\"https:\/\/tsg-buerstadt.de\/es\/historia\/\"]}]},{\"@type\":\"BreadcrumbList\",\"@id\":\"https:\/\/tsg-buerstadt.de\/es\/historia\/#breadcrumb\",\"itemListElement\":[{\"@type\":\"ListItem\",\"position\":1,\"name\":\"Startseite\",\"item\":\"https:\/\/tsg-buerstadt.de\/es\/\"},{\"@type\":\"ListItem\",\"position\":2,\"name\":\"Historia\"}]},{\"@type\":\"WebSite\",\"@id\":\"https:\/\/tsg-buerstadt.de\/es\/#website\",\"url\":\"https:\/\/tsg-buerstadt.de\/es\/\",\"name\":\"TSG B\u00fcrstadt\",\"description\":\"Espa\u00f1ol\",\"potentialAction\":[{\"@type\":\"SearchAction\",\"target\":{\"@type\":\"EntryPoint\",\"urlTemplate\":\"https:\/\/tsg-buerstadt.de\/es\/?s={search_term_string}\"},\"query-input\":{\"@type\":\"PropertyValueSpecification\",\"valueRequired\":true,\"valueName\":\"search_term_string\"}}],\"inLanguage\":\"es\"}]}<\/script>\n<!-- \/ Yoast SEO plugin. -->","yoast_head_json":{"title":"Historia - TSG B\u00fcrstadt","robots":{"index":"index","follow":"follow","max-snippet":"max-snippet:-1","max-image-preview":"max-image-preview:large","max-video-preview":"max-video-preview:-1"},"canonical":"https:\/\/tsg-buerstadt.de\/es\/historia\/","og_locale":"es_ES","og_type":"article","og_title":"Historia - TSG B\u00fcrstadt","og_description":"La TSG (\u201cTurn- und Schwimmgemeinde\u201d; comunidad para hacer gimnasia y nadar) fue fundido el 3 mayo 1955 por August Held. Muy pronto, Held tuvo la idea de poner en contacto los j\u00f3venes de todo el mundo por medio de la gimnasia. Por eso, viajaba a otros pa\u00edses con su grupo. Sin embargo, las heridas de ... Read more...","og_url":"https:\/\/tsg-buerstadt.de\/es\/historia\/","og_site_name":"TSG B\u00fcrstadt","article_modified_time":"2016-07-22T10:42:02+00:00","twitter_card":"summary_large_image","twitter_misc":{"Tiempo de lectura":"1 minuto"},"schema":{"@context":"https:\/\/schema.org","@graph":[{"@type":"WebPage","@id":"https:\/\/tsg-buerstadt.de\/es\/historia\/","url":"https:\/\/tsg-buerstadt.de\/es\/historia\/","name":"Historia - TSG B\u00fcrstadt","isPartOf":{"@id":"https:\/\/tsg-buerstadt.de\/es\/#website"},"datePublished":"2016-07-22T10:40:49+00:00","dateModified":"2016-07-22T10:42:02+00:00","breadcrumb":{"@id":"https:\/\/tsg-buerstadt.de\/es\/historia\/#breadcrumb"},"inLanguage":"es","potentialAction":[{"@type":"ReadAction","target":["https:\/\/tsg-buerstadt.de\/es\/historia\/"]}]},{"@type":"BreadcrumbList","@id":"https:\/\/tsg-buerstadt.de\/es\/historia\/#breadcrumb","itemListElement":[{"@type":"ListItem","position":1,"name":"Startseite","item":"https:\/\/tsg-buerstadt.de\/es\/"},{"@type":"ListItem","position":2,"name":"Historia"}]},{"@type":"WebSite","@id":"https:\/\/tsg-buerstadt.de\/es\/#website","url":"https:\/\/tsg-buerstadt.de\/es\/","name":"TSG B\u00fcrstadt","description":"Espa\u00f1ol","potentialAction":[{"@type":"SearchAction","target":{"@type":"EntryPoint","urlTemplate":"https:\/\/tsg-buerstadt.de\/es\/?s={search_term_string}"},"query-input":{"@type":"PropertyValueSpecification","valueRequired":true,"valueName":"search_term_string"}}],"inLanguage":"es"}]}},"jetpack_sharing_enabled":true,"jetpack_shortlink":"https:\/\/wp.me\/P60xd2-1k","jetpack-related-posts":[],"_links":{"self":[{"href":"https:\/\/tsg-buerstadt.de\/es\/wp-json\/wp\/v2\/pages\/82","targetHints":{"allow":["GET"]}}],"collection":[{"href":"https:\/\/tsg-buerstadt.de\/es\/wp-json\/wp\/v2\/pages"}],"about":[{"href":"https:\/\/tsg-buerstadt.de\/es\/wp-json\/wp\/v2\/types\/page"}],"author":[{"embeddable":true,"href":"https:\/\/tsg-buerstadt.de\/es\/wp-json\/wp\/v2\/users\/1"}],"replies":[{"embeddable":true,"href":"https:\/\/tsg-buerstadt.de\/es\/wp-json\/wp\/v2\/comments?post=82"}],"version-history":[{"count":2,"href":"https:\/\/tsg-buerstadt.de\/es\/wp-json\/wp\/v2\/pages\/82\/revisions"}],"predecessor-version":[{"id":84,"href":"https:\/\/tsg-buerstadt.de\/es\/wp-json\/wp\/v2\/pages\/82\/revisions\/84"}],"wp:attachment":[{"href":"https:\/\/tsg-buerstadt.de\/es\/wp-json\/wp\/v2\/media?parent=82"}],"curies":[{"name":"wp","href":"https:\/\/api.w.org\/{rel}","templated":true}]}}